{"id":263299,"date":"2022-04-20T10:21:41","date_gmt":"2022-04-20T10:21:41","guid":{"rendered":"https:\/\/devrosruitersport.nl\/product\/kingsland-rijlegging-klkandy-girls\/"},"modified":"2022-04-20T10:21:41","modified_gmt":"2022-04-20T10:21:41","slug":"kingsland-rijlegging-klkandy-girls","status":"publish","type":"product","link":"https:\/\/rosruitersport.nl\/en\/product\/kingsland-rijlegging-klkandy-girls\/","title":{"rendered":"Kingsland Rijlegging KLkandy Girls"},"content":{"rendered":"<p>Zeg hallo tegen de KLkandy F-Tec compressiepanty, met comfort en stijl in \u00e9\u00e9n! Ontworpen om de hele dag comfortabel te zijn, of je nu op \u00e9\u00e9n of tien pony&#8217;s rijdt! Met een hoogwaardige stof die aanvoelt als een grote knuffel en een normale taille voor extra flexibiliteit. Ontworpen om in en uit het zadel te werken, met prachtige contrasterende biezen langs de zijkanten en Kingsland-logodetail op de zijkant en middenachter op de tailleband. Met uitstekende vormvastheid is dit de panty voor meisjes die keer op keer zal wassen en dragen!\u00a0<\/p>\n","protected":false},"excerpt":{"rendered":"<p>Comfortabele rijlegging voor kinderen, stevige stof die ook na het wassen in vorm en mooi van kleur blijft.\u00a0<\/p>\n","protected":false},"featured_media":215130,"comment_status":"open","ping_status":"closed","template":"","meta":[],"product_brand":[],"product_cat":[48672,48668,48252,48466,48620],"product_tag":[],"class_list":{"0":"post-263299","1":"product","2":"type-product","3":"status-publish","4":"has-post-thumbnail","6":"product_cat-kingsland-en","7":"product_cat-nieuw-binnen-en","8":"product_cat-rider-en","9":"product_cat-breeches-en","10":"product_cat-riding-tights-en","11":"pa_em_featured-nee-en","12":"pa_googleshopping_exclude-ja-en","13":"pa_maat-110_116-en","14":"pa_maat-122_128-en","15":"pa_maat-134_140-en","16":"pa_maat-146_152-en","17":"pa_maat-158_164-en","19":"first","20":"instock","21":"taxable","22":"shipping-taxable","23":"purchasable","24":"product-type-variable","25":"wvs-archive-product-wrapper"},"exclude_global_add_ons":[],"addons":[],"yoast_head":"<!-- This site is optimized with the Yoast SEO plugin v27.3 - https:\/\/yoast.com\/product\/yoast-seo-wordpress\/ -->\n<title>Kingsland Rijlegging KLkandy Girls<\/title>\n<meta name=\"description\" content=\"Kingsland Rijlegging KLkandy Girls Zeg hallo tegen de KLkandy F-Tec compressiepanty, met comfort en stijl in \u00c3\u00a9\u00c3\u00a9n! Ontworpen om de hele dag comfortabel te zijn, of je nu op \u00c3\u00a9\u00c3\u00a9n of tien pony&#039;s rijdt! Met een hoogwaardige stof die aanvoelt als een grote\" \/>\n<meta name=\"robots\" content=\"index, follow, max-snippet:-1, max-image-preview:large, max-video-preview:-1\" \/>\n<link rel=\"canonical\" href=\"https:\/\/rosruitersport.nl\/en\/product\/kingsland-rijlegging-klkandy-girls\/\" \/>\n<meta property=\"og:locale\" content=\"en_US\" \/>\n<meta property=\"og:type\" content=\"article\" \/>\n<meta property=\"og:title\" content=\"Kingsland Rijlegging KLkandy Girls\" \/>\n<meta property=\"og:description\" content=\"Kingsland Rijlegging KLkandy Girls Zeg hallo tegen de KLkandy F-Tec compressiepanty, met comfort en stijl in \u00c3\u00a9\u00c3\u00a9n! Ontworpen om de hele dag comfortabel te zijn, of je nu op \u00c3\u00a9\u00c3\u00a9n of tien pony&#039;s rijdt! Met een hoogwaardige stof die aanvoelt als een grote\" \/>\n<meta property=\"og:url\" content=\"https:\/\/rosruitersport.nl\/en\/product\/kingsland-rijlegging-klkandy-girls\/\" \/>\n<meta property=\"og:site_name\" content=\"Ros Ruitersport\" \/>\n<meta property=\"og:image\" content=\"https:\/\/rosruitersport.nl\/wp-content\/uploads\/2022\/04\/kandy_junior-6ba.jpg\" \/>\n\t<meta property=\"og:image:width\" content=\"543\" \/>\n\t<meta property=\"og:image:height\" content=\"536\" \/>\n\t<meta property=\"og:image:type\" content=\"image\/jpeg\" \/>\n<meta name=\"twitter:card\" content=\"summary_large_image\" \/>\n<script type=\"application\/ld+json\" class=\"yoast-schema-graph\">{\"@context\":\"https:\\\/\\\/schema.org\",\"@graph\":[{\"@type\":\"WebPage\",\"@id\":\"https:\\\/\\\/rosruitersport.nl\\\/en\\\/product\\\/kingsland-rijlegging-klkandy-girls\\\/\",\"url\":\"https:\\\/\\\/rosruitersport.nl\\\/en\\\/product\\\/kingsland-rijlegging-klkandy-girls\\\/\",\"name\":\"Kingsland Rijlegging KLkandy Girls\",\"isPartOf\":{\"@id\":\"https:\\\/\\\/rosruitersport.nl\\\/#website\"},\"primaryImageOfPage\":{\"@id\":\"https:\\\/\\\/rosruitersport.nl\\\/en\\\/product\\\/kingsland-rijlegging-klkandy-girls\\\/#primaryimage\"},\"image\":{\"@id\":\"https:\\\/\\\/rosruitersport.nl\\\/en\\\/product\\\/kingsland-rijlegging-klkandy-girls\\\/#primaryimage\"},\"thumbnailUrl\":\"https:\\\/\\\/rosruitersport.nl\\\/wp-content\\\/uploads\\\/2022\\\/04\\\/kandy_junior-6ba.jpg\",\"datePublished\":\"2022-04-20T10:21:41+00:00\",\"description\":\"Kingsland Rijlegging KLkandy Girls Zeg hallo tegen de KLkandy F-Tec compressiepanty, met comfort en stijl in \u00c3\u00a9\u00c3\u00a9n! Ontworpen om de hele dag comfortabel te zijn, of je nu op \u00c3\u00a9\u00c3\u00a9n of tien pony's rijdt! Met een hoogwaardige stof die aanvoelt als een grote\",\"breadcrumb\":{\"@id\":\"https:\\\/\\\/rosruitersport.nl\\\/en\\\/product\\\/kingsland-rijlegging-klkandy-girls\\\/#breadcrumb\"},\"inLanguage\":\"en-US\",\"potentialAction\":[{\"@type\":\"ReadAction\",\"target\":[\"https:\\\/\\\/rosruitersport.nl\\\/en\\\/product\\\/kingsland-rijlegging-klkandy-girls\\\/\"]}]},{\"@type\":\"ImageObject\",\"inLanguage\":\"en-US\",\"@id\":\"https:\\\/\\\/rosruitersport.nl\\\/en\\\/product\\\/kingsland-rijlegging-klkandy-girls\\\/#primaryimage\",\"url\":\"https:\\\/\\\/rosruitersport.nl\\\/wp-content\\\/uploads\\\/2022\\\/04\\\/kandy_junior-6ba.jpg\",\"contentUrl\":\"https:\\\/\\\/rosruitersport.nl\\\/wp-content\\\/uploads\\\/2022\\\/04\\\/kandy_junior-6ba.jpg\",\"width\":543,\"height\":536},{\"@type\":\"BreadcrumbList\",\"@id\":\"https:\\\/\\\/rosruitersport.nl\\\/en\\\/product\\\/kingsland-rijlegging-klkandy-girls\\\/#breadcrumb\",\"itemListElement\":[{\"@type\":\"ListItem\",\"position\":1,\"name\":\"Home\",\"item\":\"https:\\\/\\\/rosruitersport.nl\\\/\"},{\"@type\":\"ListItem\",\"position\":2,\"name\":\"Shop\",\"item\":\"https:\\\/\\\/rosruitersport.nl\\\/winkel\\\/\"},{\"@type\":\"ListItem\",\"position\":3,\"name\":\"Kingsland Rijlegging KLkandy Girls\"}]},{\"@type\":\"WebSite\",\"@id\":\"https:\\\/\\\/rosruitersport.nl\\\/#website\",\"url\":\"https:\\\/\\\/rosruitersport.nl\\\/\",\"name\":\"Ros Ruitersport\",\"description\":\"Paardensport en ruitersport Megastore\",\"potentialAction\":[{\"@type\":\"SearchAction\",\"target\":{\"@type\":\"EntryPoint\",\"urlTemplate\":\"https:\\\/\\\/rosruitersport.nl\\\/?s={search_term_string}\"},\"query-input\":{\"@type\":\"PropertyValueSpecification\",\"valueRequired\":true,\"valueName\":\"search_term_string\"}}],\"inLanguage\":\"en-US\"}]}<\/script>\n<!-- \/ Yoast SEO plugin. -->","yoast_head_json":{"title":"Kingsland Rijlegging KLkandy Girls","description":"Kingsland Rijlegging KLkandy Girls Zeg hallo tegen de KLkandy F-Tec compressiepanty, met comfort en stijl in \u00c3\u00a9\u00c3\u00a9n! Ontworpen om de hele dag comfortabel te zijn, of je nu op \u00c3\u00a9\u00c3\u00a9n of tien pony's rijdt! Met een hoogwaardige stof die aanvoelt als een grote","robots":{"index":"index","follow":"follow","max-snippet":"max-snippet:-1","max-image-preview":"max-image-preview:large","max-video-preview":"max-video-preview:-1"},"canonical":"https:\/\/rosruitersport.nl\/en\/product\/kingsland-rijlegging-klkandy-girls\/","og_locale":"en_US","og_type":"article","og_title":"Kingsland Rijlegging KLkandy Girls","og_description":"Kingsland Rijlegging KLkandy Girls Zeg hallo tegen de KLkandy F-Tec compressiepanty, met comfort en stijl in \u00c3\u00a9\u00c3\u00a9n! Ontworpen om de hele dag comfortabel te zijn, of je nu op \u00c3\u00a9\u00c3\u00a9n of tien pony's rijdt! Met een hoogwaardige stof die aanvoelt als een grote","og_url":"https:\/\/rosruitersport.nl\/en\/product\/kingsland-rijlegging-klkandy-girls\/","og_site_name":"Ros Ruitersport","og_image":[{"width":543,"height":536,"url":"https:\/\/rosruitersport.nl\/wp-content\/uploads\/2022\/04\/kandy_junior-6ba.jpg","type":"image\/jpeg"}],"twitter_card":"summary_large_image","schema":{"@context":"https:\/\/schema.org","@graph":[{"@type":"WebPage","@id":"https:\/\/rosruitersport.nl\/en\/product\/kingsland-rijlegging-klkandy-girls\/","url":"https:\/\/rosruitersport.nl\/en\/product\/kingsland-rijlegging-klkandy-girls\/","name":"Kingsland Rijlegging KLkandy Girls","isPartOf":{"@id":"https:\/\/rosruitersport.nl\/#website"},"primaryImageOfPage":{"@id":"https:\/\/rosruitersport.nl\/en\/product\/kingsland-rijlegging-klkandy-girls\/#primaryimage"},"image":{"@id":"https:\/\/rosruitersport.nl\/en\/product\/kingsland-rijlegging-klkandy-girls\/#primaryimage"},"thumbnailUrl":"https:\/\/rosruitersport.nl\/wp-content\/uploads\/2022\/04\/kandy_junior-6ba.jpg","datePublished":"2022-04-20T10:21:41+00:00","description":"Kingsland Rijlegging KLkandy Girls Zeg hallo tegen de KLkandy F-Tec compressiepanty, met comfort en stijl in \u00c3\u00a9\u00c3\u00a9n! Ontworpen om de hele dag comfortabel te zijn, of je nu op \u00c3\u00a9\u00c3\u00a9n of tien pony's rijdt! Met een hoogwaardige stof die aanvoelt als een grote","breadcrumb":{"@id":"https:\/\/rosruitersport.nl\/en\/product\/kingsland-rijlegging-klkandy-girls\/#breadcrumb"},"inLanguage":"en-US","potentialAction":[{"@type":"ReadAction","target":["https:\/\/rosruitersport.nl\/en\/product\/kingsland-rijlegging-klkandy-girls\/"]}]},{"@type":"ImageObject","inLanguage":"en-US","@id":"https:\/\/rosruitersport.nl\/en\/product\/kingsland-rijlegging-klkandy-girls\/#primaryimage","url":"https:\/\/rosruitersport.nl\/wp-content\/uploads\/2022\/04\/kandy_junior-6ba.jpg","contentUrl":"https:\/\/rosruitersport.nl\/wp-content\/uploads\/2022\/04\/kandy_junior-6ba.jpg","width":543,"height":536},{"@type":"BreadcrumbList","@id":"https:\/\/rosruitersport.nl\/en\/product\/kingsland-rijlegging-klkandy-girls\/#breadcrumb","itemListElement":[{"@type":"ListItem","position":1,"name":"Home","item":"https:\/\/rosruitersport.nl\/"},{"@type":"ListItem","position":2,"name":"Shop","item":"https:\/\/rosruitersport.nl\/winkel\/"},{"@type":"ListItem","position":3,"name":"Kingsland Rijlegging KLkandy Girls"}]},{"@type":"WebSite","@id":"https:\/\/rosruitersport.nl\/#website","url":"https:\/\/rosruitersport.nl\/","name":"Ros Ruitersport","description":"Paardensport en ruitersport Megastore","potentialAction":[{"@type":"SearchAction","target":{"@type":"EntryPoint","urlTemplate":"https:\/\/rosruitersport.nl\/?s={search_term_string}"},"query-input":{"@type":"PropertyValueSpecification","valueRequired":true,"valueName":"search_term_string"}}],"inLanguage":"en-US"}]}},"tiered_pricing_type":"fixed","tiered_pricing_fixed_rules":[],"tiered_pricing_product_settings":{"layout":"default","base_unit_name":{"singular":null,"plural":null},"default_variation":null},"tiered_pricing_minimum_quantity":null,"tiered_pricing_roles_data":[],"tiered_pricing_percentage_rules":[],"_links":{"self":[{"href":"https:\/\/rosruitersport.nl\/en\/wp-json\/wp\/v2\/product\/263299","targetHints":{"allow":["GET"]}}],"collection":[{"href":"https:\/\/rosruitersport.nl\/en\/wp-json\/wp\/v2\/product"}],"about":[{"href":"https:\/\/rosruitersport.nl\/en\/wp-json\/wp\/v2\/types\/product"}],"replies":[{"embeddable":true,"href":"https:\/\/rosruitersport.nl\/en\/wp-json\/wp\/v2\/comments?post=263299"}],"wp:featuredmedia":[{"embeddable":true,"href":"https:\/\/rosruitersport.nl\/en\/wp-json\/wp\/v2\/media\/215130"}],"wp:attachment":[{"href":"https:\/\/rosruitersport.nl\/en\/wp-json\/wp\/v2\/media?parent=263299"}],"wp:term":[{"taxonomy":"product_brand","embeddable":true,"href":"https:\/\/rosruitersport.nl\/en\/wp-json\/wp\/v2\/product_brand?post=263299"},{"taxonomy":"product_cat","embeddable":true,"href":"https:\/\/rosruitersport.nl\/en\/wp-json\/wp\/v2\/product_cat?post=263299"},{"taxonomy":"product_tag","embeddable":true,"href":"https:\/\/rosruitersport.nl\/en\/wp-json\/wp\/v2\/product_tag?post=263299"}],"curies":[{"name":"wp","href":"https:\/\/api.w.org\/{rel}","templated":true}]}}